{"id":4169,"date":"2021-07-17T11:07:21","date_gmt":"2021-07-17T10:07:21","guid":{"rendered":"https:\/\/www.eloise-drinks.com\/?post_type=product&#038;p=4169"},"modified":"2021-08-05T13:07:18","modified_gmt":"2021-08-05T12:07:18","slug":"cosmopolitan","status":"publish","type":"product","link":"https:\/\/www.eloise-drinks.com\/?product=cosmopolitan","title":{"rendered":"Cosmopolitan"},"content":{"rendered":"<p>[vc_row css=&#8221;.vc_custom_1609872749611{margin-top: 100px !important;margin-bottom: 50px !important;padding-right: 10% !important;padding-left: 10% !important;}&#8221;][vc_column][vc_row_inner][vc_column_inner width=&#8221;1\/4&#8243; css=&#8221;.vc_custom_1609866238805{padding-top: 10% !important;padding-bottom: 10% !important;}&#8221;][vc_text_separator title=&#8221;Beschreibung&#8221; title_align=&#8221;separator_align_left&#8221; color=&#8221;custom&#8221; font_size=&#8221;23px&#8221; accent_color=&#8221;#222222&#8243;][vc_column_text css=&#8221;.vc_custom_1626517008606{margin-top: -30px !important;}&#8221;]<\/p>\n<p style=\"color: #808080;\">Red Lady<br \/>\nRezept von\u00a0Toby Cechini, The Odeon Bar, New York City 1988.<\/p>\n<p>[\/vc_column_text][vc_empty_space height=&#8221;100px&#8221;][vc_text_separator title=&#8221;Zutaten&#8221; title_align=&#8221;separator_align_left&#8221; color=&#8221;custom&#8221; font_size=&#8221;23px&#8221; accent_color=&#8221;#222222&#8243;][vc_column_text css=&#8221;.vc_custom_1626517746383{margin-top: -30px !important;}&#8221;]<\/p>\n<p style=\"color: #808080;\">Alkoholisches Mischgetr\u00e4nk aus Premium Wodka, Cointreau (Orangenlik\u00f6r), Limetten- und Cranberrysaft. ENTH\u00c4LT MILCHBESTANDTEILE.<br \/>\nAlkoholgehalt: 15,3 % vol.<\/p>\n<p>[\/vc_column_text][\/vc_column_inner][vc_column_inner width=&#8221;1\/2&#8243;][vc_single_image image=&#8221;4173&#8243; img_size=&#8221;full&#8221; alignment=&#8221;center&#8221;][\/vc_column_inner][vc_column_inner width=&#8221;1\/4&#8243; css=&#8221;.vc_custom_1609867350214{padding-top: 10% !important;padding-bottom: 10% !important;}&#8221;][vc_text_separator title=&#8221;Serviervorschlag&#8221; title_align=&#8221;separator_align_right&#8221; color=&#8221;custom&#8221; font_size=&#8221;23px&#8221; accent_color=&#8221;#222222&#8243;][vc_column_text css=&#8221;.vc_custom_1626517111570{margin-top: -30px !important;}&#8221;]<\/p>\n<p style=\"text-align: right; color: #808080;\">Eiskalt in einem vorgek\u00fchlten Cocktailglas servieren und mit einer getrockneten Zitronenscheibe garnieren.<\/p>\n<p>[\/vc_column_text][vc_empty_space height=&#8221;100px&#8221;][vc_text_separator title=&#8221;Lagerung&#8221; title_align=&#8221;separator_align_right&#8221; color=&#8221;custom&#8221; font_size=&#8221;23px&#8221; accent_color=&#8221;#222222&#8243;][vc_column_text css=&#8221;.vc_custom_1626517135417{margin-top: -30px !important;}&#8221;]<\/p>\n<p style=\"text-align: right; color: #808080;\">K\u00fchl und trocken lagern. Nach dem \u00d6ffnen im K\u00fchlschrank aufbewahren und innerhalb von 7 Tagen verbrauchen. (ideale Temperatur 0 bis + 3\u00b0 C).<\/p>\n<p>[\/vc_column_text][\/vc_column_inner][\/vc_row_inner][\/vc_column][\/vc_row][vc_row equal_height=&#8221;yes&#8221; content_placement=&#8221;middle&#8221; columns_height=&#8221;adjust_cols_height&#8221; css=&#8221;.vc_custom_1455528964284{background-position: center !important;background-repeat: no-repeat !important;background-size: cover !important;}&#8221; background_style=&#8221;normal&#8221;][vc_column width=&#8221;1\/2&#8243; css=&#8221;.vc_custom_1626516831403{padding-top: 0px !important;background-color: #ffe7e3 !important;}&#8221; font_color=&#8221;#ffffff&#8221;][vc_column_text css=&#8221;.vc_custom_1626516473712{margin-bottom: 0px !important;padding-top: 25% !important;padding-bottom: 25% !important;}&#8221;]<\/p>\n<h1 style=\"text-align: center;\"><span style=\"color: #d0a75c;\">Elo\u00efse #7<\/span><\/h1>\n<p style=\"text-align: center;\"><span style=\"color: #808080;\">Cosmopolitan<\/span><\/p>\n<p>[\/vc_column_text][\/vc_column][vc_column width=&#8221;1\/2&#8243; css=&#8221;.vc_custom_1626516845125{padding-top: 100% !important;padding-right: 0px !important;padding-left: 0px !important;background-image: url(https:\/\/www.eloise-drinks.com\/wp-content\/uploads\/2021\/07\/900-909-amy-shamblen-lJt-3NUFng4-unsplash.jpg?id=4153) !important;background-position: center !important;background-repeat: no-repeat !important;background-size: cover !important;}&#8221;][\/vc_column][\/vc_row]<\/p>\n","protected":false},"excerpt":{"rendered":"<p>100ml Flasche = 1 Portion<br \/>\n200ml Flasche = 2 Portionen<br \/>\n350ml Flasche = 3 bis 4 Portionen<\/p>\n","protected":false},"featured_media":4173,"template":"","meta":{"spay_email":""},"_links":{"self":[{"href":"https:\/\/www.eloise-drinks.com\/index.php?rest_route=\/wp\/v2\/product\/4169"}],"collection":[{"href":"https:\/\/www.eloise-drinks.com\/index.php?rest_route=\/wp\/v2\/product"}],"about":[{"href":"https:\/\/www.eloise-drinks.com\/index.php?rest_route=\/wp\/v2\/types\/product"}],"wp:featuredmedia":[{"embeddable":true,"href":"https:\/\/www.eloise-drinks.com\/index.php?rest_route=\/wp\/v2\/media\/4173"}],"wp:attachment":[{"href":"https:\/\/www.eloise-drinks.com\/index.php?rest_route=%2Fwp%2Fv2%2Fmedia&parent=4169"}],"curies":[{"name":"wp","href":"https:\/\/api.w.org\/{rel}","templated":true}]}}