{"id":3109,"date":"2020-12-09T18:43:37","date_gmt":"2020-12-09T18:43:37","guid":{"rendered":"http:\/\/www.eloise-drinks.com\/?post_type=product&#038;p=3109"},"modified":"2021-08-05T13:03:47","modified_gmt":"2021-08-05T12:03:47","slug":"pornstar-martini","status":"publish","type":"product","link":"https:\/\/www.eloise-drinks.com\/?product=pornstar-martini","title":{"rendered":"Pornstar Martini"},"content":{"rendered":"<p>[vc_row css=&#8221;.vc_custom_1609872749611{margin-top: 100px !important;margin-bottom: 50px !important;padding-right: 10% !important;padding-left: 10% !important;}&#8221;][vc_column][vc_row_inner][vc_column_inner width=&#8221;1\/4&#8243; css=&#8221;.vc_custom_1609866238805{padding-top: 10% !important;padding-bottom: 10% !important;}&#8221;][vc_text_separator title=&#8221;Beschreibung&#8221; title_align=&#8221;separator_align_left&#8221; color=&#8221;custom&#8221; font_size=&#8221;23px&#8221; accent_color=&#8221;#222222&#8243;][vc_column_text css=&#8221;.vc_custom_1626518752174{margin-top: -30px !important;}&#8221;]<\/p>\n<p style=\"color: #808080;\">Famous Lover<br \/>\nRezept von\u00a0Douglas Ankrah, The Townhouse Bar in Knightsbridge, London.<\/p>\n<p>[\/vc_column_text][vc_empty_space height=&#8221;100px&#8221;][vc_text_separator title=&#8221;Zutaten&#8221; title_align=&#8221;separator_align_left&#8221; color=&#8221;custom&#8221; font_size=&#8221;23px&#8221; accent_color=&#8221;#222222&#8243;][vc_column_text css=&#8221;.vc_custom_1626518579521{margin-top: -30px !important;}&#8221;]<\/p>\n<p style=\"color: #808080;\">Alkoholisches Mischgetr\u00e4nk aus Premium Wodka, Passionsfruchtsaft, Passoa (Passionsfruchtlik\u00f6r) Limettensaft, Vanillesirup. ENTH\u00c4LT MILCHBESTANDTEILE.<br \/>\nAlkholgehalt: 15,2 % vol.<\/p>\n<p>[\/vc_column_text][\/vc_column_inner][vc_column_inner width=&#8221;1\/2&#8243;][vc_single_image image=&#8221;3898&#8243; img_size=&#8221;full&#8221; alignment=&#8221;center&#8221;][\/vc_column_inner][vc_column_inner width=&#8221;1\/4&#8243; css=&#8221;.vc_custom_1609867350214{padding-top: 10% !important;padding-bottom: 10% !important;}&#8221;][vc_text_separator title=&#8221;Serviervorschlag&#8221; title_align=&#8221;separator_align_right&#8221; color=&#8221;custom&#8221; font_size=&#8221;23px&#8221; accent_color=&#8221;#222222&#8243;][vc_column_text css=&#8221;.vc_custom_1626518604080{margin-top: -30px !important;}&#8221;]<\/p>\n<p style=\"text-align: right; color: #808080;\">Eiskalt in einem vorgek\u00fchlten Cocktailglas servieren und mit einer getrockneten Zitronenscheibe garnieren.<\/p>\n<p>[\/vc_column_text][vc_empty_space height=&#8221;100px&#8221;][vc_text_separator title=&#8221;Lagerung&#8221; title_align=&#8221;separator_align_right&#8221; color=&#8221;custom&#8221; font_size=&#8221;23px&#8221; accent_color=&#8221;#222222&#8243;][vc_column_text css=&#8221;.vc_custom_1626518527602{margin-top: -30px !important;}&#8221;]<\/p>\n<p style=\"text-align: right; color: #808080;\">K\u00fchl und trocken lagern. Nach dem \u00d6ffnen im K\u00fchlschrank aufbewahren und innerhalb von 7 Tagen verbrauchen. (ideale Temperatur 0 bis + 3\u00b0 C).<\/p>\n<p>[\/vc_column_text][\/vc_column_inner][\/vc_row_inner][\/vc_column][\/vc_row][vc_row equal_height=&#8221;yes&#8221; content_placement=&#8221;middle&#8221; columns_height=&#8221;adjust_cols_height&#8221; css=&#8221;.vc_custom_1455528964284{background-position: center !important;background-repeat: no-repeat !important;background-size: cover !important;}&#8221; background_style=&#8221;normal&#8221;][vc_column width=&#8221;1\/2&#8243; css=&#8221;.vc_custom_1626518985349{padding-top: 0px !important;background-color: #ffe7e3 !important;}&#8221; font_color=&#8221;#ffffff&#8221;][vc_column_text css=&#8221;.vc_custom_1609873414498{margin-bottom: 0px !important;padding-top: 25% !important;padding-bottom: 25% !important;}&#8221;]<\/p>\n<h1 style=\"text-align: center;\"><span style=\"color: #d0a75c;\">Elo\u00efse #1<\/span><\/h1>\n<p style=\"text-align: center;\"><span style=\"color: #808080;\">Pornstar Martini<\/span><\/p>\n<p>[\/vc_column_text][\/vc_column][vc_column width=&#8221;1\/2&#8243; css=&#8221;.vc_custom_1609162428669{padding-top: 100% !important;padding-right: 0px !important;padding-left: 0px !important;background-image: url(https:\/\/www.eloise-drinks.com\/wp-content\/uploads\/2020\/12\/DSC01547_1.jpg?id=3582) !important;background-position: center !important;background-repeat: no-repeat !important;background-size: cover !important;}&#8221;][\/vc_column][\/vc_row]<\/p>\n","protected":false},"excerpt":{"rendered":"<p>100ml Flasche = 1 Portion<br \/>\n200ml Flasche = 2 Portionen<br \/>\n350ml Flasche = 3 bis 4 Portionen<\/p>\n","protected":false},"featured_media":4140,"template":"","meta":{"spay_email":""},"_links":{"self":[{"href":"https:\/\/www.eloise-drinks.com\/index.php?rest_route=\/wp\/v2\/product\/3109"}],"collection":[{"href":"https:\/\/www.eloise-drinks.com\/index.php?rest_route=\/wp\/v2\/product"}],"about":[{"href":"https:\/\/www.eloise-drinks.com\/index.php?rest_route=\/wp\/v2\/types\/product"}],"wp:featuredmedia":[{"embeddable":true,"href":"https:\/\/www.eloise-drinks.com\/index.php?rest_route=\/wp\/v2\/media\/4140"}],"wp:attachment":[{"href":"https:\/\/www.eloise-drinks.com\/index.php?rest_route=%2Fwp%2Fv2%2Fmedia&parent=3109"}],"curies":[{"name":"wp","href":"https:\/\/api.w.org\/{rel}","templated":true}]}}