{"id":4039,"date":"2021-03-17T11:05:45","date_gmt":"2021-03-17T10:05:45","guid":{"rendered":"https:\/\/www.eloise-drinks.com\/?page_id=4039"},"modified":"2021-07-17T10:42:07","modified_gmt":"2021-07-17T09:42:07","slug":"frontpage-eloise-drinks","status":"publish","type":"page","link":"https:\/\/www.eloise-drinks.com\/","title":{"rendered":"frontpage-cocktails"},"content":{"rendered":"<p>[vc_row full_width=&#8221;stretch_row_content&#8221; full_height=&#8221;yes&#8221; css=&#8221;.vc_custom_1626510788061{background-image: url(https:\/\/www.eloise-drinks.com\/wp-content\/uploads\/2021\/07\/panorama-III-sara-sera_Eloise_SS21.jpg?id=4125) !important;}&#8221;][vc_column][vc_single_image image=&#8221;3372&#8243; alignment=&#8221;center&#8221;][vc_custom_heading text=&#8221;Cocktails f\u00fcr alle \u00fcber 18&#8243; font_container=&#8221;tag:h2|text_align:center&#8221; google_fonts=&#8221;font_family:Open%20Sans%3A300%2C300italic%2Cregular%2Citalic%2C600%2C600italic%2C700%2C700italic%2C800%2C800italic|font_style:700%20bold%20regular%3A700%3Anormal&#8221; css=&#8221;.vc_custom_1615977821247{padding-top: 35px !important;padding-bottom: 100px !important;}&#8221;][vc_custom_heading text=&#8221;Sie m\u00fcssen \u00fcber 18 Jahre alt sein um diese Website besuchen zu d\u00fcrfen.&#8221; font_container=&#8221;tag:h2|font_size:16|text_align:center&#8221; use_theme_fonts=&#8221;yes&#8221; css=&#8221;.vc_custom_1615978877984{padding-bottom: 45px !important;}&#8221;][vc_row_inner][vc_column_inner width=&#8221;1\/2&#8243; offset=&#8221;vc_hidden-xs&#8221;][vc_btn title=&#8221;Ich bin unter 18 Jahre alt&#8221; align=&#8221;right&#8221; link=&#8221;url:http%3A%2F%2Fwww.google.com&#8221;][\/vc_column_inner][vc_column_inner width=&#8221;1\/2&#8243; offset=&#8221;vc_hidden-xs&#8221;][vc_btn title=&#8221;Ich bin \u00fcber 18 Jahre alt&#8221; align=&#8221;left&#8221; link=&#8221;url:https%3A%2F%2Fwww.eloise-drinks.com%2F%3Fpage_id%3D4119|title:Home%20%E2%80%94%20Classic%20eCommerce%201%20NEW%20%E2%80%93%20SUMMER&#8221;][\/vc_column_inner][\/vc_row_inner][vc_row_inner][vc_column_inner offset=&#8221;vc_hidden-lg vc_hidden-md vc_hidden-sm&#8221;][vc_btn title=&#8221;Ich bin unter 18 Jahre alt&#8221; align=&#8221;center&#8221; link=&#8221;url:http%3A%2F%2Fwww.google.com&#8221;][vc_btn title=&#8221;Ich bin \u00fcber 18 Jahre alt&#8221; align=&#8221;center&#8221; link=&#8221;url:https%3A%2F%2Fwww.eloise-drinks.com%2F%3Fpage_id%3D4119|title:Home%20%E2%80%94%20Classic%20eCommerce%201%20NEW%20%E2%80%93%20SUMMER&#8221;][\/vc_column_inner][\/vc_row_inner][\/vc_column][\/vc_row]<\/p>\n","protected":false},"excerpt":{"rendered":"<p>[vc_row full_width=&#8221;stretch_row_content&#8221; full_height=&#8221;yes&#8221; css=&#8221;.vc_custom_1626510788061{background-image: url(https:\/\/www.eloise-drinks.com\/wp-content\/uploads\/2021\/07\/panorama-III-sara-sera_Eloise_SS21.jpg?id=4125) !important;}&#8221;][vc_column][vc_single_image image=&#8221;3372&#8243; alignment=&#8221;center&#8221;][vc_custom_heading text=&#8221;Cocktails f\u00fcr alle \u00fcber 18&#8243; font_container=&#8221;tag:h2|text_align:center&#8221; google_fonts=&#8221;font_family:Open%20Sans%3A300%2C300italic%2Cregular%2Citalic%2C600%2C600italic%2C700%2C700italic%2C800%2C800italic|font_style:700%20bold%20regular%3A700%3Anormal&#8221; css=&#8221;.vc_custom_1615977821247{padding-top: 35px !important;padding-bottom: 100px !important;}&#8221;][vc_custom_heading text=&#8221;Sie m\u00fcssen \u00fcber 18 Jahre alt sein um diese Website besuchen zu d\u00fcrfen.&#8221; font_container=&#8221;tag:h2|font_size:16|text_align:center&#8221; use_theme_fonts=&#8221;yes&#8221; css=&#8221;.vc_custom_1615978877984{padding-bottom: 45px !important;}&#8221;][vc_row_inner][vc_column_inner width=&#8221;1\/2&#8243; offset=&#8221;vc_hidden-xs&#8221;][vc_btn title=&#8221;Ich bin unter 18 Jahre alt&#8221; align=&#8221;right&#8221; link=&#8221;url:http%3A%2F%2Fwww.google.com&#8221;][\/vc_column_inner][vc_column_inner width=&#8221;1\/2&#8243; offset=&#8221;vc_hidden-xs&#8221;][vc_btn title=&#8221;Ich bin \u00fcber 18 Jahre [&hellip;]<\/p>\n","protected":false},"author":1,"featured_media":0,"parent":0,"menu_order":0,"comment_status":"closed","ping_status":"closed","template":"","meta":{"spay_email":""},"_links":{"self":[{"href":"https:\/\/www.eloise-drinks.com\/index.php?rest_route=\/wp\/v2\/pages\/4039"}],"collection":[{"href":"https:\/\/www.eloise-drinks.com\/index.php?rest_route=\/wp\/v2\/pages"}],"about":[{"href":"https:\/\/www.eloise-drinks.com\/index.php?rest_route=\/wp\/v2\/types\/page"}],"author":[{"embeddable":true,"href":"https:\/\/www.eloise-drinks.com\/index.php?rest_route=\/wp\/v2\/users\/1"}],"replies":[{"embeddable":true,"href":"https:\/\/www.eloise-drinks.com\/index.php?rest_route=%2Fwp%2Fv2%2Fcomments&post=4039"}],"version-history":[{"count":51,"href":"https:\/\/www.eloise-drinks.com\/index.php?rest_route=\/wp\/v2\/pages\/4039\/revisions"}],"predecessor-version":[{"id":4164,"href":"https:\/\/www.eloise-drinks.com\/index.php?rest_route=\/wp\/v2\/pages\/4039\/revisions\/4164"}],"wp:attachment":[{"href":"https:\/\/www.eloise-drinks.com\/index.php?rest_route=%2Fwp%2Fv2%2Fmedia&parent=4039"}],"curies":[{"name":"wp","href":"https:\/\/api.w.org\/{rel}","templated":true}]}}