{"id":4024,"date":"2021-03-08T10:23:37","date_gmt":"2021-03-08T09:23:37","guid":{"rendered":"https:\/\/www.eloise-drinks.com\/?page_id=4024"},"modified":"2021-03-08T11:37:29","modified_gmt":"2021-03-08T10:37:29","slug":"widerrufsrecht","status":"publish","type":"page","link":"https:\/\/www.eloise-drinks.com\/?page_id=4024","title":{"rendered":"Widerrufsrecht"},"content":{"rendered":"\n<h2><strong><strong> <\/strong><\/strong><\/h2>\n\n\n\n<p>   <\/p>\n\n\n\n<p><\/p>\n\n\n\n<p><\/p>\n\n\n\n<p><\/p>\n\n\n\n<h3><strong><strong>Informationen zur Aus\u00fcbung des Widerrufsrechts<\/strong><\/strong><\/h3>\n\n\n\n<p class=\"has-white-color has-text-color\">Sie haben das Recht, binnen vierzehn Tagen ohne Angabe von Gr\u00fcnden diesen Vertrag zu widerrufen. Die Widerrufsfrist betr\u00e4gt vierzehn Tage ab dem Tag, an dem Sie oder ein von Ihnen benannter Dritter, der nicht der Bef\u00f6rderer ist, die letzte Ware in Besitz genommen haben bzw. hat. Um Ihr Widerrufsrecht auszu\u00fcben, m\u00fcssen Sie uns mittels einer eindeutigen Erkl\u00e4rung (z.B. ein mit der Post versandter Brief, Telefax oder E-Mail) \u00fcber Ihren Entschluss, diesen Vertrag zu widerrufen, informieren. Zur Wahrung der Widerrufsfrist reicht es aus, dass Sie die Mitteilung \u00fcber die Aus\u00fcbung des Widerrufsrechts vor Ablauf der Widerrufsfrist absenden.<\/p>\n\n\n\n<p class=\"has-white-color has-text-color\">Aus hygienischen Gr\u00fcnden k\u00f6nnen wir bei Lebensmitteln nur original versiegelte, unge\u00f6ffnete Waren zur\u00fccknehmen.<\/p>\n\n\n\n<h3><strong>Folgen des Widerrufs<\/strong><\/h3>\n\n\n\n<p class=\"has-white-color has-text-color\">Wenn Sie diesen Vertrag widerrufen, haben wir Ihnen alle Zahlungen, die wir von Ihnen erhalten haben, einschlie\u00dflich der Lieferkosten (mit Ausnahme der zus\u00e4tzlichen Kosten, die sich daraus ergeben, dass Sie eine andere Art der Lieferung als die von uns angebotene, g\u00fcnstigste Standardlieferung gew\u00e4hlt haben), unverz\u00fcglich und sp\u00e4testens binnen vierzehn Tagen ab dem Tag zur\u00fcckzuzahlen, an dem die Mitteilung \u00fcber Ihren Widerruf dieses Vertrags bei uns eingegangen ist. F\u00fcr diese R\u00fcckzahlung verwenden wir dasselbe Zahlungsmittel, das Sie bei der urspr\u00fcnglichen Transaktion eingesetzt haben, es sei denn, mit Ihnen wurde ausdr\u00fccklich etwas anderes vereinbart; in keinem Fall werden Ihnen wegen dieser R\u00fcckzahlung Entgelte berechnet.<\/p>\n\n\n\n<p class=\"has-white-color has-text-color\">Nach Abbruch des Einkaufsvorganges werden die bei uns gespeicherten Daten gel\u00f6scht. Im Falle eines Vertragsabschlusses werden s\u00e4mtliche Daten aus dem Vertragsverh\u00e4ltnis bis zum Ablauf der steuerrechtlichen Aufbewahrungsfrist (7 Jahre) gespeichert. Die Daten Name, Anschrift, gekaufte Waren und Kaufdatum werden dar\u00fcber hinaus bis zum Ablauf der Produkthaftung (10 Jahre) gespeichert. Die Datenverarbeitung erfolgt auf Basis der gesetzlichen Bestimmungen des \u00a7 96 Abs 3 TKG sowie des Art 6 Abs 1 lit a (Einwilligung) und\/oder lit b (notwendig zur Vertragserf\u00fcllung) der DSGVO.<\/p>\n\n\n\n<p class=\"has-white-color has-text-color\">Einen etwaigen Widerruf senden Sie bitte an: Eloise Drinks, Oltion Mehmetaj, Pulverm\u00fchlweg 3, 8055 Graz. E-Mail: hello@eloise-drinks.com<\/p>\n","protected":false},"excerpt":{"rendered":"<p>Informationen zur Aus\u00fcbung des Widerrufsrechts Sie haben das Recht, binnen vierzehn Tagen ohne Angabe von Gr\u00fcnden diesen Vertrag zu widerrufen. Die Widerrufsfrist betr\u00e4gt vierzehn Tage ab dem Tag, an dem Sie oder ein von Ihnen benannter Dritter, der nicht der Bef\u00f6rderer ist, die letzte Ware in Besitz genommen haben bzw. hat. Um Ihr Widerrufsrecht auszu\u00fcben, [&hellip;]<\/p>\n","protected":false},"author":1,"featured_media":0,"parent":0,"menu_order":0,"comment_status":"closed","ping_status":"open","template":"","meta":{"spay_email":""},"_links":{"self":[{"href":"https:\/\/www.eloise-drinks.com\/index.php?rest_route=\/wp\/v2\/pages\/4024"}],"collection":[{"href":"https:\/\/www.eloise-drinks.com\/index.php?rest_route=\/wp\/v2\/pages"}],"about":[{"href":"https:\/\/www.eloise-drinks.com\/index.php?rest_route=\/wp\/v2\/types\/page"}],"author":[{"embeddable":true,"href":"https:\/\/www.eloise-drinks.com\/index.php?rest_route=\/wp\/v2\/users\/1"}],"replies":[{"embeddable":true,"href":"https:\/\/www.eloise-drinks.com\/index.php?rest_route=%2Fwp%2Fv2%2Fcomments&post=4024"}],"version-history":[{"count":10,"href":"https:\/\/www.eloise-drinks.com\/index.php?rest_route=\/wp\/v2\/pages\/4024\/revisions"}],"predecessor-version":[{"id":4037,"href":"https:\/\/www.eloise-drinks.com\/index.php?rest_route=\/wp\/v2\/pages\/4024\/revisions\/4037"}],"wp:attachment":[{"href":"https:\/\/www.eloise-drinks.com\/index.php?rest_route=%2Fwp%2Fv2%2Fmedia&parent=4024"}],"curies":[{"name":"wp","href":"https:\/\/api.w.org\/{rel}","templated":true}]}}